{"id":655,"date":"2024-12-09T21:44:44","date_gmt":"2024-12-09T21:44:44","guid":{"rendered":"https:\/\/agroporus.com\/?page_id=655"},"modified":"2026-04-10T19:57:05","modified_gmt":"2026-04-10T19:57:05","slug":"mesafeli-satis-sozlesmesi","status":"publish","type":"page","link":"https:\/\/agroporus.com\/index.php\/mesafeli-satis-sozlesmesi\/","title":{"rendered":"Mesafeli Sat\u0131\u015f S\u00f6zle\u015fmesi"},"content":{"rendered":"\n<p>MADDE 1 \u2013 TARAFLAR<\/p>\n\n\n\n<p>1.1 \u2013 SATICI<\/p>\n\n\n\n<p>\u00dcnvan\u0131: Agro Porus <br>Adresi: Nil\u00fcferk\u00f6y M. 1.Kavakl\u0131dere S. No:20\/1 Osmangazi Nil\u00fcfer\/Bursa<br>Telefon: +90 544 256 14 16<br>Email: info@agroporus.com<\/p>\n\n\n\n<p>1.2 \u2013 ALICI<\/p>\n\n\n\n<p>\u00dcnvan\u0131: \u2026\u2026\u2026\u2026\u2026\u2026\u2026\u2026\u2026\u2026\u2026\u2026\u2026\u2026\u2026\u2026\u2026\u2026\u2026..<br>Adresi: \u2026\u2026\u2026\u2026\u2026\u2026\u2026\u2026\u2026\u2026\u2026\u2026\u2026\u2026\u2026\u2026\u2026\u2026\u2026..<br>Telefon: \u2026\u2026\u2026\u2026\u2026\u2026\u2026\u2026\u2026\u2026\u2026\u2026\u2026\u2026\u2026\u2026\u2026\u2026\u2026..<\/p>\n\n\n\n<p>MADDE 2 \u2013 KONU<\/p>\n\n\n\n<p>\u0130\u015fbu s\u00f6zle\u015fmenin konusu, ALICI\u2019n\u0131n SATICI\u2019ya ait www.agroporus.com internet sitesinden elektronik ortamda sipari\u015fini yapt\u0131\u011f\u0131 a\u015fa\u011f\u0131da nitelikleri ve sat\u0131\u015f fiyat\u0131 belirtilen \u00fcr\u00fcn\u00fcn sat\u0131\u015f\u0131 ve teslimi ile ilgili olarak 4077 say\u0131l\u0131 T\u00fcketicilerin Korunmas\u0131 Hakk\u0131ndaki Kanun ve Mesafeli S\u00f6zle\u015fmeleri Uygulama Esas ve Usulleri Hakk\u0131nda Y\u00f6netmelik h\u00fck\u00fcmleri gere\u011fince taraflar\u0131n hak ve y\u00fck\u00fcml\u00fcl\u00fcklerinin saptanmas\u0131d\u0131r.<\/p>\n\n\n\n<p>\u00dcr\u00fcnlerin cinsi ve t\u00fcr\u00fc, miktar\u0131, marka\/modeli, rengi, sat\u0131\u015f bedeli<br>\u2026\u2026\u2026\u2026\u2026\u2026\u2026\u2026\u2026\u2026\u2026\u2026\u2026\u2026\u2026\u2026\u2026\u2026\u2026..<\/p>\n\n\n\n<p>MADDE 3 \u2013 S\u00d6ZLE\u015eME KONUSU \u00dcR\u00dcN<\/p>\n\n\n\n<p>\u00dcr\u00fcnlerin cinsi ve t\u00fcr\u00fc, miktar\u0131, marka\/modeli, rengi, sat\u0131\u015f bedeli yukar\u0131da belirtildi\u011fi gibidir.<\/p>\n\n\n\n<p>\u00d6deme \u015eekli: \u2026\u2026\u2026\u2026\u2026\u2026\u2026\u2026\u2026\u2026\u2026\u2026\u2026\u2026\u2026\u2026\u2026\u2026\u2026..<br>Teslimat Adresi: \u2026\u2026\u2026\u2026\u2026\u2026\u2026\u2026\u2026\u2026\u2026\u2026\u2026\u2026\u2026\u2026\u2026\u2026.<br>Teslim Edilecek Ki\u015fi: \u2026\u2026\u2026\u2026\u2026\u2026\u2026\u2026\u2026\u2026\u2026\u2026\u2026\u2026\u2026\u2026<br>Fatura Adresi: \u2026\u2026\u2026\u2026\u2026\u2026\u2026\u2026\u2026\u2026\u2026\u2026\u2026\u2026\u2026\u2026\u2026\u2026\u2026<br>Kargo \u00dccreti: \u2026\u2026\u2026\u2026\u2026\u2026\u2026\u2026\u2026\u2026\u2026\u2026\u2026\u2026\u2026\u2026\u2026\u2026\u2026.<\/p>\n\n\n\n<p>MADDE 4 \u2013 GENEL H\u00dcK\u00dcMLER<\/p>\n\n\n\n<p>\u00dcr\u00fcnlerin cinsi ve t\u00fcr\u00fc, miktar\u0131, marka\/modeli, rengi, sat\u0131\u015f bedeli yukar\u0131da belirtildi\u011fi gibidir.<\/p>\n\n\n\n<p>4.1 \u2013 ALICI, www.peteczanesi.com internet sitesinde s\u00f6zle\u015fme konusu \u00fcr\u00fcn\u00fcn temel nitelikleri, sat\u0131\u015f fiyat\u0131 ve \u00f6deme \u015fekli ile teslimata ili\u015fkin \u00f6n bilgileri okuyup bilgi sahibi oldu\u011funu ve elektronik ortamda gerekli teyidi verdi\u011fini beyan eder.<\/p>\n\n\n\n<p>4.2 \u2013 S\u00f6zle\u015fme konusu \u00fcr\u00fcn, yasal 30 g\u00fcnl\u00fck s\u00fcreyi a\u015fmamak ko\u015fulu ile her bir \u00fcr\u00fcn i\u00e7in ALICI\u2019n\u0131n yerle\u015fim yerinin uzakl\u0131\u011f\u0131na ba\u011fl\u0131 olarak internet sitesinde \u00f6n bilgiler i\u00e7inde a\u00e7\u0131klanan s\u00fcre i\u00e7inde ALICI veya g\u00f6sterdi\u011fi adresteki ki\u015fi\/kurulu\u015fa teslim edilir.<\/p>\n\n\n\n<p>4.3 \u2013 S\u00f6zle\u015fme konusu \u00fcr\u00fcn, ALICI\u2019dan ba\u015fka bir ki\u015fi\/kurulu\u015fa teslim edilecek ise, teslim edilecek ki\u015fi\/kurulu\u015fun teslimat\u0131 kabul etmemesininden SATICI sorumlu tutulamaz.<\/p>\n\n\n\n<p>4.4 \u2013 SATICI, s\u00f6zle\u015fme konusu \u00fcr\u00fcn\u00fcn sa\u011flam, eksiksiz, sipari\u015fte belirtilen niteliklere uygun ve varsa garanti belgeleri ve kullan\u0131m klavuzlar\u0131 ile teslim edilmesinden sorumludur.<\/p>\n\n\n\n<p>4.5 \u2013 S\u00f6zle\u015fme konusu \u00fcr\u00fcn\u00fcn teslimat\u0131 i\u00e7in i\u015fbu s\u00f6zle\u015fmenin imzal\u0131 n\u00fcshas\u0131n\u0131n SATICI\u2019ya ula\u015ft\u0131r\u0131lm\u0131\u015f olmas\u0131 ve bedelinin ALICI\u2019n\u0131n tercih etti\u011fi \u00f6deme \u015fekli ile \u00f6denmi\u015f olmas\u0131 \u015fartt\u0131r. Herhangi bir nedenle \u00fcr\u00fcn bedeli \u00f6denmez veya banka kay\u0131tlar\u0131nda iptal edilir ise, SATICI \u00fcr\u00fcn\u00fcn teslimi y\u00fck\u00fcml\u00fcl\u00fc\u011f\u00fcnden kurtulmu\u015f kabul edilir.<\/p>\n\n\n\n<p>4.6 \u2013 \u00dcr\u00fcn\u00fcn tesliminden sonra ALICI\u2019ya ait kredi kart\u0131n\u0131n ALICI\u2019n\u0131n kusurundan kaynaklanmayan bir \u015fekilde yetkisiz ki\u015filerce haks\u0131z veya hukuka ayk\u0131r\u0131 olarak kullan\u0131lmas\u0131 nedeni ile ilgili banka veya finans kurulu\u015fun \u00fcr\u00fcn bedelini SATICI\u2019ya \u00f6dememesi halinde, ALICI\u2019n\u0131n kendisine teslim edilmi\u015f olmas\u0131 kayd\u0131yla \u00fcr\u00fcn\u00fcn 3 g\u00fcn i\u00e7inde SATICI\u2019ya g\u00f6nderilmesi zorunludur. Bu takdirde nakliye giderleri ALICI\u2019ya aittir.<\/p>\n\n\n\n<p>4.7 \u2013 SATICI m\u00fccbir sebepler veya nakliyeyi engelleyen hava muhalefeti, ula\u015f\u0131m\u0131n kesilmesi gibi ola\u011fan\u00fcst\u00fc durumlar nedeni ile s\u00f6zle\u015fme konusu \u00fcr\u00fcn\u00fc s\u00fcresi i\u00e7inde teslim edemez ise, durumu ALICI\u2019ya bildirmekle y\u00fck\u00fcml\u00fcd\u00fcr. Bu takdirde ALICI sipari\u015fin iptal edilmesini, s\u00f6zle\u015fme konusu \u00fcr\u00fcn\u00fcn varsa emsali ile de\u011fi\u015ftirilmesini, ve\/veya teslimat s\u00fcresinin engelleyici durumun ortadan kalkmas\u0131na kadar ertelenmesi haklar\u0131ndan birini kullanabilir. ALICI\u2019n\u0131n sipari\u015fi iptal etmesi halinde \u00f6dedi\u011fi tutar 10 g\u00fcn i\u00e7inde kendisine nakten ve defaten \u00f6denir.<\/p>\n\n\n\n<p>4.8 \u2013 Garanti belgesi ile sat\u0131lan \u00fcr\u00fcnlerden olan veya olmayan \u00fcr\u00fcnlerin ar\u0131zal\u0131 veya bozuk olanlar, garanti \u015fartlar\u0131 i\u00e7inde gerekli onar\u0131m\u0131n\/de\u011fi\u015fimin yap\u0131lmas\u0131 i\u00e7in SATICI\u2019ya g\u00f6nderilebilir, bu takdirde kargo giderleri ALICI taraf\u0131ndan kar\u015f\u0131lanacakt\u0131r.<\/p>\n\n\n\n<p>4.9 \u2013 \u0130\u015fbu s\u00f6zle\u015fme, ALICI taraf\u0131ndan imzalan\u0131p SATICI\u2019ya faks veya posta yolu ile ula\u015ft\u0131r\u0131lmas\u0131ndan sonra ge\u00e7erlilik kazan\u0131r.<\/p>\n\n\n\n<p>MADDE 5 \u2013 CAYMA HAKKI<\/p>\n\n\n\n<p>ALICI, s\u00f6zle\u015fme konusu \u00fcr\u00fcr\u00fcn\u00fcn kendisine veya g\u00f6sterdi\u011fi adresteki ki\u015fi\/kurulu\u015fa tesliminden itibaren 14 g\u00fcn i\u00e7inde cayma hakk\u0131na sahiptir. Cayma hakk\u0131n\u0131n kullan\u0131lmas\u0131 i\u00e7in bu s\u00fcre i\u00e7inde SATICI\u2019ya faks, email veya telefon ile bildirimde bulunulmas\u0131 ve \u00fcr\u00fcn\u00fcn 6. madde h\u00fck\u00fcmleri \u00e7ercevesinde kullan\u0131lmam\u0131\u015f olmas\u0131 \u015fartt\u0131r. Bu hakk\u0131n kullan\u0131lmas\u0131 halinde, 3. ki\u015fiye veya ALICI\u2019ya teslim edilen \u00fcr\u00fcn\u00fcn SATICI\u2019ya g\u00f6nderildi\u011fine ili\u015fkin kargo teslim tutana\u011f\u0131 \u00f6rne\u011fi ile fatura asl\u0131n\u0131n iadesi zorunludur. Bu belgelerin ula\u015fmas\u0131n\u0131 takip eden 7 g\u00fcn i\u00e7inde \u00fcr\u00fcn bedeli ALICI\u2019ya iade edilir. Fatura asl\u0131 g\u00f6nderilmez ise KDV ve varsa sair yasal y\u00fck\u00fcml\u00fcl\u00fckler iade edilemez. Cayma hakk\u0131 nedeni ile iade edilen \u00fcr\u00fcn\u00fcn kargo bedeli SATICI taraf\u0131ndan kar\u015f\u0131lan\u0131r.<\/p>\n\n\n\n<p>MADDE 6 \u2013 CAYMA HAKKI KULLANILAMAYACAK \u00dcR\u00dcNLER<\/p>\n\n\n\n<p>Niteli\u011fi itibar\u0131yla iade edilemeyecek \u00fcr\u00fcnler, tek kullan\u0131ml\u0131k \u00fcr\u00fcnler, kopyalanabilir yaz\u0131l\u0131m ve programlar, h\u0131zl\u0131 bozulan veya son kullan\u0131m tarihi ge\u00e7en \u00fcr\u00fcnler i\u00e7in cayma hakk\u0131 kullan\u0131lamaz. A\u015fa\u011f\u0131daki \u00fcr\u00fcnlerde cayma hakk\u0131n\u0131n kullan\u0131lmas\u0131, \u00fcr\u00fcn\u00fcn ambalaj\u0131n\u0131n a\u00e7\u0131lmam\u0131\u015f, bozulmam\u0131\u015f ve \u00fcr\u00fcn\u00fcn kullan\u0131lmam\u0131\u015f olmas\u0131 \u015fart\u0131na ba\u011fl\u0131d\u0131r.<\/p>\n\n\n\n<ul class=\"wp-block-list\">\n<li>Her t\u00fcrl\u00fc kozmetik \u00fcr\u00fcnleri<\/li>\n<\/ul>\n\n\n\n<p>MADDE 7 \u2013 YETK\u0130L\u0130 MAHKEME<\/p>\n\n\n\n<p>\u0130\u015fbu s\u00f6zle\u015fmenin uygulanmas\u0131nda, Sanayi ve Ticaret Bakanl\u0131\u011f\u0131nca ilan edilen de\u011fere kadar T\u00fcketici Hakem Heyetleri ile ALICI\u2019n\u0131n veya SATICI\u2019n\u0131n yerle\u015fim yerindeki T\u00fcketici Mahkemeleri yetkilidir.<\/p>\n\n\n\n<p>Sipari\u015fin ger\u00e7ekle\u015fmesi durumunda ALICI i\u015fbu s\u00f6zle\u015fmenin t\u00fcm ko\u015fullar\u0131n\u0131 kabul etmi\u015f say\u0131l\u0131r.<\/p>\n\n\n\n<p>SATICI<br><\/p>\n\n\n\n<p>ALICI<br>Ad\u0131 \/ Soyad\u0131: \u2026\u2026\u2026\u2026\u2026\u2026\u2026\u2026\u2026\u2026\u2026\u2026\u2026\u2026\u2026\u2026\u2026\u2026.<br>Tarih: \u2026\u2026\u2026\u2026\u2026\u2026\u2026\u2026\u2026\u2026\u2026\u2026\u2026\u2026\u2026\u2026\u2026\u2026\u2026\u2026\u2026\u2026.<\/p>\n","protected":false},"excerpt":{"rendered":"<p>MADDE 1 \u2013 TARAFLAR 1.1 \u2013 SATICI \u00dcnvan\u0131: Agro Porus Adresi: Nil\u00fcferk\u00f6y M. 1.Kavakl\u0131dere S. No:20\/1 Osmangazi Nil\u00fcfer\/BursaTelefon: +90 544 256 14 16Email: info@agroporus.com 1.2 \u2013 ALICI \u00dcnvan\u0131: \u2026\u2026\u2026\u2026\u2026\u2026\u2026\u2026\u2026\u2026\u2026\u2026\u2026\u2026\u2026\u2026\u2026\u2026\u2026..Adresi: \u2026\u2026\u2026\u2026\u2026\u2026\u2026\u2026\u2026\u2026\u2026\u2026\u2026\u2026\u2026\u2026\u2026\u2026\u2026..Telefon: \u2026\u2026\u2026\u2026\u2026\u2026\u2026\u2026\u2026\u2026\u2026\u2026\u2026\u2026\u2026\u2026\u2026\u2026\u2026.. MADDE 2 \u2013 KONU \u0130\u015fbu s\u00f6zle\u015fmenin konusu, ALICI\u2019n\u0131n SATICI\u2019ya ait www.agroporus.com internet sitesinden elektronik ortamda sipari\u015fini yapt\u0131\u011f\u0131 a\u015fa\u011f\u0131da nitelikleri ve sat\u0131\u015f fiyat\u0131 belirtilen \u00fcr\u00fcn\u00fcn [&hellip;]<\/p>\n","protected":false},"author":2,"featured_media":0,"parent":0,"menu_order":0,"comment_status":"closed","ping_status":"closed","template":"","meta":{"footnotes":""},"class_list":["post-655","page","type-page","status-publish","hentry"],"jetpack_sharing_enabled":true,"_links":{"self":[{"href":"https:\/\/agroporus.com\/index.php\/wp-json\/wp\/v2\/pages\/655","targetHints":{"allow":["GET"]}}],"collection":[{"href":"https:\/\/agroporus.com\/index.php\/wp-json\/wp\/v2\/pages"}],"about":[{"href":"https:\/\/agroporus.com\/index.php\/wp-json\/wp\/v2\/types\/page"}],"author":[{"embeddable":true,"href":"https:\/\/agroporus.com\/index.php\/wp-json\/wp\/v2\/users\/2"}],"replies":[{"embeddable":true,"href":"https:\/\/agroporus.com\/index.php\/wp-json\/wp\/v2\/comments?post=655"}],"version-history":[{"count":4,"href":"https:\/\/agroporus.com\/index.php\/wp-json\/wp\/v2\/pages\/655\/revisions"}],"predecessor-version":[{"id":674,"href":"https:\/\/agroporus.com\/index.php\/wp-json\/wp\/v2\/pages\/655\/revisions\/674"}],"wp:attachment":[{"href":"https:\/\/agroporus.com\/index.php\/wp-json\/wp\/v2\/media?parent=655"}],"curies":[{"name":"wp","href":"https:\/\/api.w.org\/{rel}","templated":true}]}}