{"id":644,"date":"2024-12-09T21:28:44","date_gmt":"2024-12-09T21:28:44","guid":{"rendered":"https:\/\/agroporus.com\/?page_id=644"},"modified":"2026-04-13T06:52:13","modified_gmt":"2026-04-13T06:52:13","slug":"hakkimizda","status":"publish","type":"page","link":"https:\/\/agroporus.com\/index.php\/hakkimizda\/","title":{"rendered":"Hakk\u0131m\u0131zda"},"content":{"rendered":"\n<p>Agro Porus Tar\u0131m, tar\u0131m sekt\u00f6r\u00fcnde ithal bitki besleme \u00fcr\u00fcnleri sa\u011flayan bir firmad\u0131r. Y\u00fcksek kaliteli \u00fcr\u00fcnleri, m\u00fc\u015fterilerine sunarken, tar\u0131m\u0131n s\u00fcrd\u00fcr\u00fclebilirli\u011fi ve do\u011faya sayg\u0131 prensiplerini benimsemektedir.<\/p>\n\n\n\n<p>Agro Porus Tar\u0131m, tar\u0131msal \u00fcretimde y\u00fcksek verimlilik sa\u011flamak i\u00e7in geni\u015f bir \u00fcr\u00fcn yelpazesi sunmaktad\u0131r. Bu \u00fcr\u00fcnler aras\u0131nda bitki besleme maddeleri, pestisitler, tohumlar ve di\u011fer tar\u0131msal \u00fcr\u00fcnler yer almaktad\u0131r. Bu \u00fcr\u00fcnler, m\u00fc\u015fterilerin ihtiya\u00e7lar\u0131na g\u00f6re \u00f6zelle\u015ftirilebilir ve kaliteli bir \u015fekilde sa\u011flan\u0131r.<\/p>\n\n\n\n<p>Firma, m\u00fc\u015fterilerine en kaliteli \u00fcr\u00fcnleri sa\u011flamak i\u00e7in d\u00fcnya genelindeki \u00fcreticilerle yak\u0131n i\u015f birli\u011fi yapar. Agro Porus Tar\u0131m, \u00fcr\u00fcnlerini, tar\u0131m\u0131n en son teknolojik geli\u015fmelerini kullanarak \u00fcretir ve m\u00fc\u015fterilerin tar\u0131msal verimlili\u011fini art\u0131rmak i\u00e7in en iyi hizmeti sunar.<\/p>\n\n\n\n<p>Ayr\u0131ca, Agro Porus Tar\u0131m, do\u011faya sayg\u0131 ve s\u00fcrd\u00fcr\u00fclebilirli\u011fi benimseyerek, m\u00fc\u015fterilerine \u00e7evre dostu \u00fcr\u00fcnler sunar. Tar\u0131msal \u00fcretimde, s\u00fcrd\u00fcr\u00fclebilirli\u011fi korumak ve do\u011fal kaynaklar\u0131 korumak son derece \u00f6nemlidir. Bu nedenle, Agro Porus Tar\u0131m, m\u00fc\u015fterilerinin do\u011faya sayg\u0131l\u0131 bir \u015fekilde tar\u0131m yapmalar\u0131na yard\u0131mc\u0131 olur.<\/p>\n\n\n\n<p>Sonu\u00e7 olarak, Agro Porus Tar\u0131m, kaliteli \u00fcr\u00fcnleri ve m\u00fc\u015fteri odakl\u0131 hizmeti ile tar\u0131m sekt\u00f6r\u00fcnde \u00f6ne \u00e7\u0131kmaktad\u0131r. Do\u011faya sayg\u0131l\u0131 bir yakla\u015f\u0131m benimseyerek, m\u00fc\u015fterilerine s\u00fcrd\u00fcr\u00fclebilir tar\u0131m \u00fcr\u00fcnleri sunar ve bu nedenle tar\u0131msal \u00fcretimde \u00f6nemli bir rol oynamaktad\u0131r.<\/p>\n\n\n\n<figure class=\"wp-block-image size-full is-resized\"><img loading=\"lazy\" decoding=\"async\" width=\"800\" height=\"700\" src=\"https:\/\/agroporus.com\/wp-content\/uploads\/2024\/12\/logo_v2_s_transparent.png\" alt=\"\" class=\"wp-image-550\" style=\"width:609px;height:auto\" srcset=\"https:\/\/agroporus.com\/wp-content\/uploads\/2024\/12\/logo_v2_s_transparent.png 800w, https:\/\/agroporus.com\/wp-content\/uploads\/2024\/12\/logo_v2_s_transparent-300x263.png 300w, https:\/\/agroporus.com\/wp-content\/uploads\/2024\/12\/logo_v2_s_transparent-768x672.png 768w, https:\/\/agroporus.com\/wp-content\/uploads\/2024\/12\/logo_v2_s_transparent-600x525.png 600w\" sizes=\"auto, (max-width: 800px) 100vw, 800px\" \/><\/figure>\n","protected":false},"excerpt":{"rendered":"<p>Agro Porus Tar\u0131m, tar\u0131m sekt\u00f6r\u00fcnde ithal bitki besleme \u00fcr\u00fcnleri sa\u011flayan bir firmad\u0131r. Y\u00fcksek kaliteli \u00fcr\u00fcnleri, m\u00fc\u015fterilerine sunarken, tar\u0131m\u0131n s\u00fcrd\u00fcr\u00fclebilirli\u011fi ve do\u011faya sayg\u0131 prensiplerini benimsemektedir. Agro Porus Tar\u0131m, tar\u0131msal \u00fcretimde y\u00fcksek verimlilik sa\u011flamak i\u00e7in geni\u015f bir \u00fcr\u00fcn yelpazesi sunmaktad\u0131r. Bu \u00fcr\u00fcnler aras\u0131nda bitki besleme maddeleri, pestisitler, tohumlar ve di\u011fer tar\u0131msal \u00fcr\u00fcnler yer almaktad\u0131r. Bu \u00fcr\u00fcnler, m\u00fc\u015fterilerin [&hellip;]<\/p>\n","protected":false},"author":2,"featured_media":0,"parent":0,"menu_order":0,"comment_status":"closed","ping_status":"closed","template":"","meta":{"footnotes":""},"class_list":["post-644","page","type-page","status-publish","hentry"],"jetpack_sharing_enabled":true,"_links":{"self":[{"href":"https:\/\/agroporus.com\/index.php\/wp-json\/wp\/v2\/pages\/644","targetHints":{"allow":["GET"]}}],"collection":[{"href":"https:\/\/agroporus.com\/index.php\/wp-json\/wp\/v2\/pages"}],"about":[{"href":"https:\/\/agroporus.com\/index.php\/wp-json\/wp\/v2\/types\/page"}],"author":[{"embeddable":true,"href":"https:\/\/agroporus.com\/index.php\/wp-json\/wp\/v2\/users\/2"}],"replies":[{"embeddable":true,"href":"https:\/\/agroporus.com\/index.php\/wp-json\/wp\/v2\/comments?post=644"}],"version-history":[{"count":2,"href":"https:\/\/agroporus.com\/index.php\/wp-json\/wp\/v2\/pages\/644\/revisions"}],"predecessor-version":[{"id":681,"href":"https:\/\/agroporus.com\/index.php\/wp-json\/wp\/v2\/pages\/644\/revisions\/681"}],"wp:attachment":[{"href":"https:\/\/agroporus.com\/index.php\/wp-json\/wp\/v2\/media?parent=644"}],"curies":[{"name":"wp","href":"https:\/\/api.w.org\/{rel}","templated":true}]}}