{"id":571,"date":"2024-12-01T23:45:40","date_gmt":"2024-12-01T23:45:40","guid":{"rendered":"https:\/\/agroporus.com\/?page_id=571"},"modified":"2026-04-13T06:49:32","modified_gmt":"2026-04-13T06:49:32","slug":"571-2","status":"publish","type":"page","link":"https:\/\/agroporus.com\/","title":{"rendered":"Agro Porus"},"content":{"rendered":"\n<div class=\"wp-block-group alignfull has-global-padding is-layout-constrained wp-container-core-group-is-layout-4062b888 wp-block-group-is-layout-constrained has-background\" style=\"padding-top:var(--wp--preset--spacing--20);padding-right:var(--wp--preset--spacing--50);padding-bottom:var(--wp--preset--spacing--20);padding-left:var(--wp--preset--spacing--50);background-image:url(&apos;http:\/\/agrodijital.com\/wp-content\/uploads\/2024\/06\/ezgif-5-de2dcc264c07.gif&apos;);background-position:50% 72%;background-size:cover;\">\n<div class=\"wp-block-group has-global-padding is-layout-constrained wp-container-core-group-is-layout-e555385e wp-block-group-is-layout-constrained\" style=\"border-radius:0px\">\n<div class=\"wp-block-group has-global-padding is-layout-constrained wp-block-group-is-layout-constrained\" style=\"border-radius:35px\">\n<div style=\"height:1.25rem\" aria-hidden=\"true\" class=\"wp-block-spacer\"><\/div>\n\n\n\n<h1 class=\"wp-block-heading has-text-align-center has-x-large-font-size\">Ya en iyisi Ya Hi\u00e7\u2026<br>The Best or nothing\u2026<\/h1>\n\n\n\n<p class=\"has-text-align-center\"><\/p>\n\n\n\n<div style=\"height:270px\" aria-hidden=\"true\" class=\"wp-block-spacer\"><\/div>\n\n\n\n<p class=\"has-text-align-center\">Kontroll\u00fc ve do\u011fru ila\u00e7lama ve g\u00fcbreleme ile gelece\u011fimizi koruyal\u0131m.<\/p>\n\n\n\n<div style=\"height:1.25rem\" aria-hidden=\"true\" class=\"wp-block-spacer\"><\/div>\n<\/div>\n<\/div>\n<\/div>\n\n\n\n<div class=\"wp-block-group alignfull has-global-padding is-layout-constrained wp-container-core-group-is-layout-d89aad35 wp-block-group-is-layout-constrained\" style=\"margin-top:0;margin-bottom:0;padding-top:var(--wp--preset--spacing--50);padding-right:var(--wp--preset--spacing--50);padding-bottom:var(--wp--preset--spacing--50);padding-left:var(--wp--preset--spacing--50)\">\n<h2 class=\"wp-block-heading has-text-align-center is-style-default\">En \u00c7ok \u0130lgi G\u00f6renler<\/h2>\n\n\n<div class=\"woocommerce columns-4 \"><ul class=\"products columns-4\">\n<li class=\"product type-product post-510 status-publish first instock product_cat-nutritech-teknolojisi product_cat-tum-urunler taxable shipping-taxable product-type-simple\">\n\t<a href=\"https:\/\/agroporus.com\/index.php\/urun\/progress\/\" class=\"woocommerce-LoopProduct-link woocommerce-loop-product__link\"><img loading=\"lazy\" decoding=\"async\" src=\"https:\/\/agroporus.com\/wp-content\/uploads\/2024\/12\/logo_v2_s_transparent1-e1733176321716.png\" width=\"300\" height=\"300\" class=\"woocommerce-placeholder wp-post-image\" alt=\"Yer tutucu\"\/><h2 class=\"woocommerce-loop-product__title\">PROGRESS<\/h2>\n<\/a><a href=\"https:\/\/agroporus.com\/index.php\/urun\/progress\/\" aria-describedby=\"woocommerce_loop_add_to_cart_link_describedby_510\" data-quantity=\"1\" class=\"button wp-element-button product_type_simple\" data-product_id=\"510\" data-product_sku=\"\" aria-label=\"&ldquo;PROGRESS&rdquo; hakk\u0131nda daha fazla bilgi edinin\" rel=\"nofollow\" data-success_message=\"\">Devam\u0131n\u0131 oku<\/a>\t<span id=\"woocommerce_loop_add_to_cart_link_describedby_510\" class=\"screen-reader-text\">\n\t\t\t<\/span>\n<\/li>\n<li class=\"product type-product post-522 status-publish instock product_cat-stimtech-teknolojisi product_cat-tum-urunler has-post-thumbnail taxable shipping-taxable product-type-simple\">\n\t<a href=\"https:\/\/agroporus.com\/index.php\/urun\/proteon-2\/\" class=\"woocommerce-LoopProduct-link woocommerce-loop-product__link\"><img loading=\"lazy\" decoding=\"async\" width=\"300\" height=\"300\" src=\"https:\/\/agroporus.com\/wp-content\/uploads\/2024\/11\/img_urunler7-300x300.jpg\" class=\"attachment-woocommerce_thumbnail size-woocommerce_thumbnail\" alt=\"PROTEON\" srcset=\"https:\/\/agroporus.com\/wp-content\/uploads\/2024\/11\/img_urunler7-300x300.jpg 300w, https:\/\/agroporus.com\/wp-content\/uploads\/2024\/11\/img_urunler7-150x150.jpg 150w, https:\/\/agroporus.com\/wp-content\/uploads\/2024\/11\/img_urunler7-100x100.jpg 100w\" sizes=\"auto, (max-width: 300px) 100vw, 300px\" \/><h2 class=\"woocommerce-loop-product__title\">PROTEON<\/h2>\n<\/a><a href=\"https:\/\/agroporus.com\/index.php\/urun\/proteon-2\/\" aria-describedby=\"woocommerce_loop_add_to_cart_link_describedby_522\" data-quantity=\"1\" class=\"button wp-element-button product_type_simple\" data-product_id=\"522\" data-product_sku=\"\" aria-label=\"&ldquo;PROTEON&rdquo; hakk\u0131nda daha fazla bilgi edinin\" rel=\"nofollow\" data-success_message=\"\">Devam\u0131n\u0131 oku<\/a>\t<span id=\"woocommerce_loop_add_to_cart_link_describedby_522\" class=\"screen-reader-text\">\n\t\t\t<\/span>\n<\/li>\n<li class=\"product type-product post-533 status-publish instock product_cat-tum-urunler product_cat-vitaltech-teknolojisi has-post-thumbnail taxable shipping-taxable product-type-simple\">\n\t<a href=\"https:\/\/agroporus.com\/index.php\/urun\/combistar-12-43-02mgo11so3te-2\/\" class=\"woocommerce-LoopProduct-link woocommerce-loop-product__link\"><img loading=\"lazy\" decoding=\"async\" width=\"300\" height=\"300\" src=\"https:\/\/agroporus.com\/wp-content\/uploads\/2024\/11\/img_urunler8-300x300.jpg\" class=\"attachment-woocommerce_thumbnail size-woocommerce_thumbnail\" alt=\"COMBISTAR 12-43-0+(2MgO)+(11SO3)+TE\" srcset=\"https:\/\/agroporus.com\/wp-content\/uploads\/2024\/11\/img_urunler8-300x300.jpg 300w, https:\/\/agroporus.com\/wp-content\/uploads\/2024\/11\/img_urunler8-1024x1024.jpg 1024w, https:\/\/agroporus.com\/wp-content\/uploads\/2024\/11\/img_urunler8-150x150.jpg 150w, https:\/\/agroporus.com\/wp-content\/uploads\/2024\/11\/img_urunler8-768x768.jpg 768w, https:\/\/agroporus.com\/wp-content\/uploads\/2024\/11\/img_urunler8-600x600.jpg 600w, https:\/\/agroporus.com\/wp-content\/uploads\/2024\/11\/img_urunler8-100x100.jpg 100w, https:\/\/agroporus.com\/wp-content\/uploads\/2024\/11\/img_urunler8.jpg 1080w\" sizes=\"auto, (max-width: 300px) 100vw, 300px\" \/><h2 class=\"woocommerce-loop-product__title\">COMBISTAR 12-43-0+(2MgO)+(11SO3)+TE<\/h2>\n<\/a><a href=\"https:\/\/agroporus.com\/index.php\/urun\/combistar-12-43-02mgo11so3te-2\/\" aria-describedby=\"woocommerce_loop_add_to_cart_link_describedby_533\" data-quantity=\"1\" class=\"button wp-element-button product_type_simple\" data-product_id=\"533\" data-product_sku=\"\" aria-label=\"&ldquo;COMBISTAR 12-43-0+(2MgO)+(11SO3)+TE&rdquo; hakk\u0131nda daha fazla bilgi edinin\" rel=\"nofollow\" data-success_message=\"\">Devam\u0131n\u0131 oku<\/a>\t<span id=\"woocommerce_loop_add_to_cart_link_describedby_533\" class=\"screen-reader-text\">\n\t\t\t<\/span>\n<\/li>\n<li class=\"product type-product post-511 status-publish last instock product_cat-fertidor-formulasyonlari product_cat-tum-urunler taxable shipping-taxable product-type-simple\">\n\t<a href=\"https:\/\/agroporus.com\/index.php\/urun\/fertidor-20-20-20\/\" class=\"woocommerce-LoopProduct-link woocommerce-loop-product__link\"><img loading=\"lazy\" decoding=\"async\" src=\"https:\/\/agroporus.com\/wp-content\/uploads\/2024\/12\/logo_v2_s_transparent1-e1733176321716.png\" width=\"300\" height=\"300\" class=\"woocommerce-placeholder wp-post-image\" alt=\"Yer tutucu\"\/><h2 class=\"woocommerce-loop-product__title\">FERTID&#8217;OR 20-20-20<\/h2>\n<\/a><a href=\"https:\/\/agroporus.com\/index.php\/urun\/fertidor-20-20-20\/\" aria-describedby=\"woocommerce_loop_add_to_cart_link_describedby_511\" data-quantity=\"1\" class=\"button wp-element-button product_type_simple\" data-product_id=\"511\" data-product_sku=\"\" aria-label=\"&ldquo;FERTID&#039;OR 20-20-20&rdquo; hakk\u0131nda daha fazla bilgi edinin\" rel=\"nofollow\" data-success_message=\"\">Devam\u0131n\u0131 oku<\/a>\t<span id=\"woocommerce_loop_add_to_cart_link_describedby_511\" class=\"screen-reader-text\">\n\t\t\t<\/span>\n<\/li>\n<\/ul>\n<\/div>\n<\/div>\n\n\n\n<div class=\"wp-block-group alignfull has-base-2-background-color has-background has-global-padding is-layout-constrained wp-container-core-group-is-layout-669513ed wp-block-group-is-layout-constrained\" style=\"margin-top:0;margin-bottom:0;padding-top:var(--wp--preset--spacing--50);padding-right:var(--wp--preset--spacing--50);padding-bottom:var(--wp--preset--spacing--50);padding-left:var(--wp--preset--spacing--50)\">\n<div class=\"wp-block-columns alignwide are-vertically-aligned-bottom is-layout-flex wp-container-core-columns-is-layout-28f84493 wp-block-columns-is-layout-flex\">\n<div class=\"wp-block-column is-vertically-aligned-bottom is-layout-flow wp-container-core-column-is-layout-e3d1c41b wp-block-column-is-layout-flow\">\n<figure class=\"wp-block-image aligncenter size-large is-resized\"><img loading=\"lazy\" decoding=\"async\" width=\"1024\" height=\"644\" src=\"https:\/\/agroporus.com\/wp-content\/uploads\/2024\/12\/logo_fertiplus-1024x644.png\" alt=\"\" class=\"wp-image-625\" style=\"width:488px;height:auto\" srcset=\"https:\/\/agroporus.com\/wp-content\/uploads\/2024\/12\/logo_fertiplus-1024x644.png 1024w, https:\/\/agroporus.com\/wp-content\/uploads\/2024\/12\/logo_fertiplus-300x189.png 300w, https:\/\/agroporus.com\/wp-content\/uploads\/2024\/12\/logo_fertiplus-768x483.png 768w, https:\/\/agroporus.com\/wp-content\/uploads\/2024\/12\/logo_fertiplus-600x377.png 600w, https:\/\/agroporus.com\/wp-content\/uploads\/2024\/12\/logo_fertiplus.png 1273w\" sizes=\"auto, (max-width: 1024px) 100vw, 1024px\" \/><\/figure>\n<\/div>\n\n\n\n<div class=\"wp-block-column is-vertically-aligned-bottom is-layout-flow wp-container-core-column-is-layout-e3d1c41b wp-block-column-is-layout-flow\">\n<figure class=\"wp-block-image aligncenter size-large\"><img loading=\"lazy\" decoding=\"async\" width=\"1024\" height=\"549\" src=\"https:\/\/agroporus.com\/wp-content\/uploads\/2024\/12\/logo_servalesa-1024x549.png\" alt=\"\" class=\"wp-image-624\" srcset=\"https:\/\/agroporus.com\/wp-content\/uploads\/2024\/12\/logo_servalesa-1024x549.png 1024w, https:\/\/agroporus.com\/wp-content\/uploads\/2024\/12\/logo_servalesa-300x161.png 300w, https:\/\/agroporus.com\/wp-content\/uploads\/2024\/12\/logo_servalesa-768x412.png 768w, https:\/\/agroporus.com\/wp-content\/uploads\/2024\/12\/logo_servalesa-1536x824.png 1536w, https:\/\/agroporus.com\/wp-content\/uploads\/2024\/12\/logo_servalesa-2048x1098.png 2048w, https:\/\/agroporus.com\/wp-content\/uploads\/2024\/12\/logo_servalesa-1320x708.png 1320w, https:\/\/agroporus.com\/wp-content\/uploads\/2024\/12\/logo_servalesa-600x322.png 600w\" sizes=\"auto, (max-width: 1024px) 100vw, 1024px\" \/><\/figure>\n<\/div>\n<\/div>\n\n\n\n<div style=\"height:var(--wp--preset--spacing--20)\" aria-hidden=\"true\" class=\"wp-block-spacer\"><\/div>\n\n\n\n<div class=\"wp-block-columns alignwide are-vertically-aligned-center is-layout-flex wp-container-core-columns-is-layout-d0bbbce0 wp-block-columns-is-layout-flex\">\n<div class=\"wp-block-column is-vertically-aligned-center is-layout-flow wp-container-core-column-is-layout-e3d1c41b wp-block-column-is-layout-flow\">\n<figure class=\"wp-block-image aligncenter size-large\"><img loading=\"lazy\" decoding=\"async\" width=\"1024\" height=\"304\" src=\"https:\/\/agroporus.com\/wp-content\/uploads\/2024\/12\/logo_agronutrition-1024x304.png\" alt=\"\" class=\"wp-image-627\" style=\"object-fit:cover\" srcset=\"https:\/\/agroporus.com\/wp-content\/uploads\/2024\/12\/logo_agronutrition-1024x304.png 1024w, https:\/\/agroporus.com\/wp-content\/uploads\/2024\/12\/logo_agronutrition-300x89.png 300w, https:\/\/agroporus.com\/wp-content\/uploads\/2024\/12\/logo_agronutrition-768x228.png 768w, https:\/\/agroporus.com\/wp-content\/uploads\/2024\/12\/logo_agronutrition-1536x456.png 1536w, https:\/\/agroporus.com\/wp-content\/uploads\/2024\/12\/logo_agronutrition-2048x608.png 2048w, https:\/\/agroporus.com\/wp-content\/uploads\/2024\/12\/logo_agronutrition-1320x392.png 1320w, https:\/\/agroporus.com\/wp-content\/uploads\/2024\/12\/logo_agronutrition-600x178.png 600w\" sizes=\"auto, (max-width: 1024px) 100vw, 1024px\" \/><\/figure>\n<\/div>\n\n\n\n<div class=\"wp-block-column is-vertically-aligned-center is-layout-flow wp-container-core-column-is-layout-e3d1c41b wp-block-column-is-layout-flow\">\n<figure class=\"wp-block-image aligncenter size-full\"><img loading=\"lazy\" decoding=\"async\" width=\"603\" height=\"95\" src=\"https:\/\/agroporus.com\/wp-content\/uploads\/2024\/12\/logo_nutricare.png\" alt=\"\" class=\"wp-image-626\" srcset=\"https:\/\/agroporus.com\/wp-content\/uploads\/2024\/12\/logo_nutricare.png 603w, https:\/\/agroporus.com\/wp-content\/uploads\/2024\/12\/logo_nutricare-300x47.png 300w, https:\/\/agroporus.com\/wp-content\/uploads\/2024\/12\/logo_nutricare-600x95.png 600w\" sizes=\"auto, (max-width: 603px) 100vw, 603px\" \/><\/figure>\n<\/div>\n\n\n\n<div class=\"wp-block-column is-vertically-aligned-center is-layout-flow wp-container-core-column-is-layout-e3d1c41b wp-block-column-is-layout-flow\">\n<figure class=\"wp-block-image aligncenter size-large\" style=\"margin-bottom:var(--wp--preset--spacing--20)\"><img loading=\"lazy\" decoding=\"async\" width=\"1024\" height=\"397\" src=\"https:\/\/agroporus.com\/wp-content\/uploads\/2024\/12\/logo_de_sangosse-1024x397.png\" alt=\"\" class=\"wp-image-628\" style=\"object-fit:cover\" srcset=\"https:\/\/agroporus.com\/wp-content\/uploads\/2024\/12\/logo_de_sangosse-1024x397.png 1024w, https:\/\/agroporus.com\/wp-content\/uploads\/2024\/12\/logo_de_sangosse-300x116.png 300w, https:\/\/agroporus.com\/wp-content\/uploads\/2024\/12\/logo_de_sangosse-768x298.png 768w, https:\/\/agroporus.com\/wp-content\/uploads\/2024\/12\/logo_de_sangosse-600x233.png 600w, https:\/\/agroporus.com\/wp-content\/uploads\/2024\/12\/logo_de_sangosse.png 1031w\" sizes=\"auto, (max-width: 1024px) 100vw, 1024px\" \/><\/figure>\n<\/div>\n<\/div>\n<\/div>\n\n\n\n<div class=\"wp-block-group alignfull has-global-padding is-layout-constrained wp-container-core-group-is-layout-d89aad35 wp-block-group-is-layout-constrained\" style=\"margin-top:0;margin-bottom:0;padding-top:var(--wp--preset--spacing--50);padding-right:var(--wp--preset--spacing--50);padding-bottom:var(--wp--preset--spacing--50);padding-left:var(--wp--preset--spacing--50)\">\n<div class=\"wp-block-group alignwide has-base-2-background-color has-background has-global-padding is-layout-constrained wp-container-core-group-is-layout-39412042 wp-block-group-is-layout-constrained\" style=\"border-radius:16px;padding-top:var(--wp--preset--spacing--40);padding-right:var(--wp--preset--spacing--50);padding-bottom:var(--wp--preset--spacing--40);padding-left:var(--wp--preset--spacing--50)\">\n<div style=\"height:var(--wp--preset--spacing--10)\" aria-hidden=\"true\" class=\"wp-block-spacer\"><\/div>\n\n\n\n<h2 class=\"wp-block-heading has-text-align-center has-x-large-font-size\">900+ \u00e7ifti\u00e7imize siz de kat\u0131l\u0131n<\/h2>\n\n\n\n<p class=\"has-text-align-center\">Bilmeniz gereken her \u015feyle g\u00fcncel kal\u0131n.<\/p>\n\n\n\n<div class=\"wp-block-buttons is-content-justification-center is-layout-flex wp-container-core-buttons-is-layout-a89b3969 wp-block-buttons-is-layout-flex\">\n<div class=\"wp-block-button\"><a class=\"wp-block-button__link wp-element-button\">\u00dcye ol<\/a><\/div>\n<\/div>\n\n\n\n<div style=\"height:var(--wp--preset--spacing--10)\" aria-hidden=\"true\" class=\"wp-block-spacer\"><\/div>\n<\/div>\n<\/div>\n\n\n\n<div class=\"wp-block-group alignfull has-base-color has-contrast-background-color has-text-color has-background has-global-padding is-layout-constrained wp-container-core-group-is-layout-55f7138b wp-block-group-is-layout-constrained\" style=\"margin-top:0;margin-bottom:0;padding-top:var(--wp--preset--spacing--40);padding-right:var(--wp--preset--spacing--60);padding-bottom:var(--wp--preset--spacing--40);padding-left:var(--wp--preset--spacing--60)\">\n<div class=\"wp-block-group has-global-padding is-layout-constrained wp-container-core-group-is-layout-f078265f wp-block-group-is-layout-constrained\" style=\"padding-right:0\">\n<p class=\"has-text-align-center has-base-color has-text-color has-heading-font-family has-x-large-font-size\" style=\"line-height:1.2\"><em>Agro Porus, dijital partneri sayesinde bizi binlerce saatlik \u00e7al\u0131\u015fmadan kurtard\u0131.<\/em><\/p>\n\n\n\n<div style=\"height:var(--wp--preset--spacing--10)\" aria-hidden=\"true\" class=\"wp-block-spacer\"><\/div>\n\n\n\n<div class=\"wp-block-group is-vertical is-content-justification-center is-nowrap is-layout-flex wp-container-core-group-is-layout-2dc08cea wp-block-group-is-layout-flex\">\n<figure class=\"wp-block-image aligncenter size-full has-custom-border is-style-default\"><img loading=\"lazy\" decoding=\"async\" width=\"1024\" height=\"768\" src=\"https:\/\/agroporus.com\/wp-content\/uploads\/2024\/12\/dijital-ciftci.png\" alt=\"\" class=\"wp-image-634\" style=\"border-width:15px;border-radius:25px\" srcset=\"https:\/\/agroporus.com\/wp-content\/uploads\/2024\/12\/dijital-ciftci.png 1024w, https:\/\/agroporus.com\/wp-content\/uploads\/2024\/12\/dijital-ciftci-300x225.png 300w, https:\/\/agroporus.com\/wp-content\/uploads\/2024\/12\/dijital-ciftci-768x576.png 768w, https:\/\/agroporus.com\/wp-content\/uploads\/2024\/12\/dijital-ciftci-600x450.png 600w\" sizes=\"auto, (max-width: 1024px) 100vw, 1024px\" \/><\/figure>\n\n\n\n<p class=\"has-text-align-center\" style=\"margin-top:var(--wp--preset--spacing--10);margin-bottom:0\">Ra\u015fit YILMAZ<\/p>\n\n\n\n<p class=\"has-text-align-center has-contrast-3-color has-text-color has-small-font-size\" style=\"font-style:normal;font-weight:300\">Hayrabolu, \u00d6nder \u00c7ift\u00e7i Derne\u011fi<\/p>\n<\/div>\n<\/div>\n<\/div>\n\n\n\n<div class=\"wp-block-group alignfull has-global-padding is-content-justification-center is-layout-constrained wp-container-core-group-is-layout-733701de wp-block-group-is-layout-constrained\" style=\"margin-top:0;margin-bottom:0;padding-top:var(--wp--preset--spacing--50);padding-right:var(--wp--preset--spacing--50);padding-bottom:var(--wp--preset--spacing--50);padding-left:var(--wp--preset--spacing--50)\">\n<h2 class=\"wp-block-heading alignwide has-x-large-font-size\" style=\"margin-top:0;margin-bottom:0;line-height:1\">\u0130zle, oku, dinle<\/h2>\n\n\n\n<div class=\"wp-block-group alignwide has-global-padding is-layout-constrained wp-block-group-is-layout-constrained\">\n<div class=\"wp-block-query alignwide is-layout-flow wp-block-query-is-layout-flow\">\n\n\n<div style=\"height:var(--wp--preset--spacing--20)\" aria-hidden=\"true\" class=\"wp-block-spacer\"><\/div>\n\n\n\n\n<div class=\"wp-block-query-no-results\">\n\n<p style=\"margin-top:0;margin-right:0;margin-bottom:0;margin-left:0\">Hen\u00fcz bu konudaki yaz\u0131lar payla\u015f\u0131lmad\u0131.<\/p>\n\n<\/div><\/div>\n<\/div>\n<\/div>\n","protected":false},"excerpt":{"rendered":"<p>Ya en iyisi Ya Hi\u00e7\u2026The Best or nothing\u2026 Kontroll\u00fc ve do\u011fru ila\u00e7lama ve g\u00fcbreleme ile gelece\u011fimizi koruyal\u0131m. En \u00c7ok \u0130lgi G\u00f6renler 900+ \u00e7ifti\u00e7imize siz de kat\u0131l\u0131n Bilmeniz gereken her \u015feyle g\u00fcncel kal\u0131n. Agro Porus, dijital partneri sayesinde bizi binlerce saatlik \u00e7al\u0131\u015fmadan kurtard\u0131. Ra\u015fit YILMAZ Hayrabolu, \u00d6nder \u00c7ift\u00e7i Derne\u011fi \u0130zle, oku, dinle<\/p>\n","protected":false},"author":1,"featured_media":0,"parent":0,"menu_order":0,"comment_status":"closed","ping_status":"closed","template":"","meta":{"footnotes":""},"class_list":["post-571","page","type-page","status-publish","hentry"],"jetpack_sharing_enabled":true,"_links":{"self":[{"href":"https:\/\/agroporus.com\/index.php\/wp-json\/wp\/v2\/pages\/571","targetHints":{"allow":["GET"]}}],"collection":[{"href":"https:\/\/agroporus.com\/index.php\/wp-json\/wp\/v2\/pages"}],"about":[{"href":"https:\/\/agroporus.com\/index.php\/wp-json\/wp\/v2\/types\/page"}],"author":[{"embeddable":true,"href":"https:\/\/agroporus.com\/index.php\/wp-json\/wp\/v2\/users\/1"}],"replies":[{"embeddable":true,"href":"https:\/\/agroporus.com\/index.php\/wp-json\/wp\/v2\/comments?post=571"}],"version-history":[{"count":19,"href":"https:\/\/agroporus.com\/index.php\/wp-json\/wp\/v2\/pages\/571\/revisions"}],"predecessor-version":[{"id":679,"href":"https:\/\/agroporus.com\/index.php\/wp-json\/wp\/v2\/pages\/571\/revisions\/679"}],"wp:attachment":[{"href":"https:\/\/agroporus.com\/index.php\/wp-json\/wp\/v2\/media?parent=571"}],"curies":[{"name":"wp","href":"https:\/\/api.w.org\/{rel}","templated":true}]}}